{"id":9,"date":"2019-10-29T10:04:28","date_gmt":"2019-10-29T10:04:28","guid":{"rendered":"https:\/\/demo.casethemes.net\/consultio-business3\/?page_id=9"},"modified":"2023-10-18T15:44:39","modified_gmt":"2023-10-18T15:44:39","slug":"home","status":"publish","type":"page","link":"https:\/\/techosparapalmira.com\/","title":{"rendered":"Home"},"content":{"rendered":"<h1 data-wow-delay=\"200ms\">\n            CONJUNTO RESIDENCIAL BOSQUES DE LA RIVERA<br \/>\n            <\/h1>\n<p>Dise\u00f1amos y Construimos la casa de tus sue\u00f1os.<\/p>\n<p>Cr. 33A #17-10<\/p>\n<p>Palmira, Valle del Cauca, Colombia<\/p>\n<p>        <a href=\"https:\/\/techosparapalmira.com\/#proyecto\" data-wow-delay=\"500ms\"><br \/>\n                T\u00da NUEVO HOGAR<br \/>\n    <\/a><br \/>\n                        <img decoding=\"async\" width=\"909\" height=\"768\" src=\"http:\/\/techosparapalmira.com\/wp-content\/uploads\/2022\/05\/Bosque_de_la_Rivera_logo_blanco_2.png\" alt=\"\" \/><br \/>\n                                1<br \/>\n                            Casas de 2 pisos<br \/>\n                                1<br \/>\n                mts2<br \/>\n                            \u00c1rea construida<br \/>\n                                1<br \/>\n                            Sal\u00f3n de eventos, piscinas, gimnasio, juegos infantiles<br \/>\n                                1<br \/>\n                            Parqueaderos Visitantes<br \/>\n                        Compromiso                                            <\/p>\n<h3 data-wow-delay=\"ms\">\n            Nuestros Proyectos de <b>Vivienda<\/b> logran hacer <b> Familias Felices<\/b>.<br \/>\n            <\/h3>\n<p>                            <img decoding=\"async\" width=\"176\" height=\"188\" src=\"http:\/\/techosparapalmira.com\/wp-content\/uploads\/2020\/03\/service-icon1.png\" alt=\"\" \/>                        <\/p>\n<h3><a href=\"https:\/\/techosparapalmira.com\/index.php\/service\/strategy-consulting-2\/\">Desarrollo &#038; Avances<\/a><\/h3>\n<p>                            <img decoding=\"async\" width=\"175\" height=\"188\" src=\"http:\/\/techosparapalmira.com\/wp-content\/uploads\/2020\/03\/service-icon2.png\" alt=\"\" \/>                        <\/p>\n<h3><a href=\"https:\/\/techosparapalmira.com\/index.php\/service\/invierte-en-tu-futuro\/\">Invierte en tu futuro<\/a><\/h3>\n<p>                            <img decoding=\"async\" width=\"182\" height=\"188\" src=\"http:\/\/techosparapalmira.com\/wp-content\/uploads\/2020\/03\/service-icon3.png\" alt=\"\" \/>                        <\/p>\n<h3><a href=\"https:\/\/techosparapalmira.com\/index.php\/service\/supply-chain-operations\/\">Consultas y Dudas<\/a><\/h3>\n<p>                            <img decoding=\"async\" width=\"188\" height=\"188\" src=\"http:\/\/techosparapalmira.com\/wp-content\/uploads\/2020\/03\/service-icon4.png\" alt=\"\" \/>                        <\/p>\n<h3><a href=\"https:\/\/techosparapalmira.com\/index.php\/service\/insight-growth\/\">Visita y Recorre<\/a><\/h3>\n<p>                            <img decoding=\"async\" width=\"186\" height=\"188\" src=\"http:\/\/techosparapalmira.com\/wp-content\/uploads\/2020\/02\/ubicacion_2.png\" alt=\"\" \/>                        <\/p>\n<h3><a href=\"https:\/\/techosparapalmira.com\/index.php\/service\/software-engineering\/\">Informaci\u00f3n y Ubicaci\u00f3n<\/a><\/h3>\n<p>                            <img decoding=\"async\" width=\"186\" height=\"188\" src=\"http:\/\/techosparapalmira.com\/wp-content\/uploads\/2020\/02\/whatsapp.png\" alt=\"\" \/>                        <\/p>\n<h3><a href=\"https:\/\/techosparapalmira.com\/index.php\/service\/business-process\/\">Consulta con Asesores<\/a><\/h3>\n<p>                            <img decoding=\"async\" width=\"176\" height=\"188\" src=\"http:\/\/techosparapalmira.com\/wp-content\/uploads\/2020\/03\/service-icon1.png\" alt=\"\" \/>                        <\/p>\n<h3><a href=\"https:\/\/techosparapalmira.com\/?post_type=service&#038;p=647\">Business Strategy<\/a><\/h3>\n<p>                            <img decoding=\"async\" width=\"175\" height=\"188\" src=\"http:\/\/techosparapalmira.com\/wp-content\/uploads\/2020\/03\/service-icon2.png\" alt=\"\" \/>                        <\/p>\n<h3><a href=\"https:\/\/techosparapalmira.com\/?post_type=service&#038;p=645\">Global Insights<\/a><\/h3>\n<p>                            <img decoding=\"async\" width=\"182\" height=\"188\" src=\"http:\/\/techosparapalmira.com\/wp-content\/uploads\/2020\/03\/service-icon3.png\" alt=\"\" \/>                        <\/p>\n<h3><a href=\"https:\/\/techosparapalmira.com\/?post_type=service&#038;p=4931\">SEO Optimization<\/a><\/h3>\n<p>                <a href=\"https:\/\/www.youtube.com\/watch?v=gaNBtRGLJNg\"><br \/>\n        <\/a><br \/>\n    Tenemos mas de <cite style=\"font-size:1.5em;\">10 a\u00f1os<\/cite> de experiencia<br \/>\n                        \u00daltimo Proyecto                                            <\/p>\n<h3 data-wow-delay=\"ms\">\n            BOSQUES DE LA RIVERA<br \/>\n            <\/h3>\n<p>Nuestro \u00faltimo proyecto es\u00a0<strong>BOSQUES DE LA RIVERA Conjunto Residencial.\u00a0<\/strong> Cuenta con 3 manzanas con un total de 147 casas\u00a0 y esta ubicado cerca de supermercados, Universidades y Colegios.\u00a0<\/p>\n<p>Tenemos para ti, la mejor opci\u00f3n de vivienda con m\u00e1s de 65 metros de area construida, porter\u00eda de ingreso\/salida por la carrera 33A (avenida Rivera Escobar) y v\u00edas internas de circulaci\u00f3n en ambos sentidos.<\/p>\n<p>                                        <a href=\"#\"><\/a><\/p>\n<h3>\n                Parqueaderos            <\/h3>\n<p>                Parqueadero Propio semi descubierto.<br \/>\n                                        <a href=\"#\"><\/a><\/p>\n<h3>\n                Zonas Verdes            <\/h3>\n<p>                Cuenta con zonas verdes, para disfrutar en familia.<br \/>\n                        FAQ                                            <\/p>\n<h3 data-wow-delay=\"ms\">\n            Dudas frecuentes<br \/>\n            <\/h3>\n<p>                    <a><br \/>\n                                                                         \u00bfAplican subsidios de Vivienda?<br \/>\n                    <\/a><\/p>\n<p>Si, aplican todos los subsidios No VIS.<\/p>\n<p><a href=\"https:\/\/api.whatsapp.com\/send?phone=573167430538&amp;text=Hola%20deseo%20mas%20informaci%C3%B3n%20sobre%20el%20proyecto%20de%20vivienda\" target=\"_blank\" rel=\"noopener\">Preguntamos y te asesoramos<\/a>.<\/p>\n<p>                    <a><br \/>\n                                                                        \u00bfCu\u00e1l es el area construida?<br \/>\n                    <\/a><\/p>\n<p>El \u00e1rea total construida es de 115.66 mts 2<\/p>\n<p>Agenda una cita con nosotros, y has un recorrido por la casa de tus sue\u00f1os.\u00a0<\/p>\n<p><a href=\"https:\/\/api.whatsapp.com\/send?phone=573167430538&amp;text=Hola%20deseo%20mas%20informaci%C3%B3n%20sobre%20el%20proyecto%20de%20vivienda\" target=\"_blank\" rel=\"noopener\">Agenda Aqu\u00ed!.<\/a><\/p>\n<p>                    <a><br \/>\n                                                                        \u00bfLa casa se entrega en obra gris o negra?<br \/>\n                    <\/a><\/p>\n<p>La casa se entrega en obra gris habitable, o en obra blanca con acabados.<\/p>\n<p>\u00a0<\/p>\n<p><a href=\"https:\/\/api.whatsapp.com\/send?phone=573167430538&amp;text=Hola%20deseo%20mas%20informaci%C3%B3n%20sobre%20el%20proyecto%20de%20vivienda\" target=\"_blank\" rel=\"noopener\">Agenda una visita con nosotros.<\/a><\/p>\n<p>                                    Conjunto cerrado, con salida principal y zonas verdes. &quot;La Casa de mis SUE\u00d1OS&quot;                                <\/p>\n<h3>M\u00f3nica<\/h3>\n<p>                                    Cliente<\/p>\n<ul id=\"ct_contact_info-dafba6d\">\n<li>\n\t\t\t                                                        <a href=\"https:\/\/wa.me\/+573174395011\"><br \/>\n                       PARA MAS INFORMACION CONT\u00c1CTATE A NUESTRO WHATSAPP +57 317 4395011                    <\/a>\n                           <\/li>\n<\/ul>\n<style>\/*! elementor - v3.6.5 - 27-04-2022 *\/\n.e-container.e-container--row .elementor-spacer-inner{width:var(--spacer-size)}.e-container.e-container--column .elementor-spacer-inner,.elementor-column .elementor-spacer-inner{height:var(--spacer-size)}<\/style>\n<h3>Actualizaci\u00f3n permanente<\/h3>\n<p>\t\t   \t\t\tD\u00e9janos tu correo y mant\u00e9n informado de todo el avance del proyecto.<\/p>\n<form action=\"https:\/\/techosparapalmira.com\/?na=s\" method=\"post\" onsubmit=\"return newsletter_check(this)\">\n\t\t\t    \t<input type=\"hidden\" name=\"nr\" value=\"widget-minimal\"\/><br \/>\n\t\t\t    \t\t<label>Correo electr\u00f3nico&#8230;<\/label><br \/>\n\t\t\t    \t\t<input type=\"email\" required name=\"ne\" value=\"\" placeholder=\"Correo electr\u00f3nico...\"><br \/>\n\t\t\t    \t\t<input type=\"submit\" value=\"Suscr\u00edbete\"><br \/>\n\t\t\t    <\/form>\n<p>                        Te asesoramos con nuestros                                            <\/p>\n<h3 data-wow-delay=\"ms\">\n            Agentes Comerciales<br \/>\n            <\/h3>\n<p>                                    <img decoding=\"async\" width=\"247\" height=\"340\" src=\"http:\/\/techosparapalmira.com\/wp-content\/uploads\/2022\/05\/sala-de-ventas.jpg\" alt=\"\" \/>                                <\/p>\n<h3>\n                                    Sala de Ventas                                <\/h3>\n<p>                                Constructora Techos para Palmira<br \/>\n                                Tenemos la sala de ventas ubicada en Carrera 33a # 17 &#8211; 10, puedes agendar una visita a la casa de tus sue\u00f1os.<br \/>\nContamos con m\u00e1s proyectos que realizaremos pr\u00f3ximamente en Buga, Palmira y otras ciudades .<\/p>\n<ul>\n<li><a href=\"tel:+57 316 743 0538\">+57 316 743 0538<\/a><\/li>\n<li><a href=\"mailto:info@techosparapalmira.com\">info@techosparapalmira.com<\/a><\/li>\n<\/ul>\n<p>                                                                                                                        <a href=\"https:\/\/www.facebook.com\/constructoraenpalmira\" target=\"_blank\" rel=\"noopener\"><\/a><br \/>\n                                                                                    <a href=\"https:\/\/www.instagram.com\/techosparapalmira\/\" target=\"_blank\" rel=\"noopener\"><\/a><br \/>\n                                                                                    <a href=\"https:\/\/www.youtube.com\/channel\/UClOG3TbsD5KxS7T-cqwVeWQ\" target=\"_blank\" rel=\"noopener\"><\/a><br \/>\n                                    <a href=\"https:\/\/wa.me\/+573167430538\" target=\"_blank\" rel=\"noopener\">Read more<\/a><br \/>\n                                    <img decoding=\"async\" width=\"576\" height=\"1024\" src=\"http:\/\/techosparapalmira.com\/wp-content\/uploads\/2020\/02\/ASESORA-COMERCIAL.jpg\" alt=\"\" \/>                                <\/p>\n<h3>\n                                    Julieth Andrea Gonz\u00e1lez G\u00f3mez                                <\/h3>\n<p>                                Asesora Comercial<br \/>\n                                Consulta cual es la casa para ti, de seguro nuestro proyecto <b>&#8220;Bosque de la Rivera&#8221;<\/b> te encantara. Visita o escribe me para brindarte mayor informaci\u00f3n. <\/p>\n<ul>\n<li><a href=\"tel:+57 316 743 0538\">+57 316 743 0538<\/a><\/li>\n<li><a href=\"mailto:comercial@techosparapalmira.com\">comercial@techosparapalmira.com<\/a><\/li>\n<\/ul>\n<p>                                                                                                                        <a href=\"https:\/\/www.facebook.com\/constructoraenpalmira\" target=\"_blank\" rel=\"noopener\"><\/a><br \/>\n                                                                                    <a href=\"https:\/\/www.instagram.com\/techosparapalmira\/\" target=\"_blank\" rel=\"noopener\"><\/a><br \/>\n                                                                                    <a href=\"https:\/\/www.youtube.com\/channel\/UClOG3TbsD5KxS7T-cqwVeWQ\" target=\"_blank\" rel=\"noopener\"><\/a><br \/>\n                                    <a href=\"https:\/\/wa.me\/+573167430538\">Read more<\/a><br \/>\n                        \u00daltimos Avances                                            <\/p>\n<h3 data-wow-delay=\"ms\">\n            Mira c\u00f3mo va el desarrollo de <b>La Casa de Tus Sue\u00f1os<\/b>.<br \/>\n            <\/h3>\n<p>                            <a href=\"https:\/\/techosparapalmira.com\/index.php\/2023\/06\/20\/casas-desde-270000-000-para-entrega-inmediata\/\" style=\"background-image: url(http:\/\/techosparapalmira.com\/wp-content\/uploads\/2019\/12\/theme-15.jpg);\"><\/a><br \/>\n                                        20<br \/>\n                                        Jun<br \/>\n                                <a href=\"https:\/\/techosparapalmira.com\/index.php\/category\/basques-de-la-rivera\/\" rel=\"tag\">Bosques de la Rivera<\/a>, <a href=\"https:\/\/techosparapalmira.com\/index.php\/category\/business-strategy\/\" rel=\"tag\">Business &amp; Strategy<\/a>, <a href=\"https:\/\/techosparapalmira.com\/index.php\/category\/conjunto-cerrado\/\" rel=\"tag\">Conjunto Cerrado<\/a>, <a href=\"https:\/\/techosparapalmira.com\/index.php\/category\/en-desarrollo\/\" rel=\"tag\">En Desarrollo<\/a>, <a href=\"https:\/\/techosparapalmira.com\/index.php\/category\/nuevo-proyecto\/\" rel=\"tag\">Nuevo Proyecto<\/a>, <a href=\"https:\/\/techosparapalmira.com\/index.php\/category\/tax-home-loan\/\" rel=\"tag\">Tax &amp; Home Loan<\/a>, <a href=\"https:\/\/techosparapalmira.com\/index.php\/category\/basques-de-la-rivera\/zona-urbana\/\" rel=\"tag\">Zona Urbana<\/a>                            <\/p>\n<h3><a href=\"https:\/\/techosparapalmira.com\/index.php\/2023\/06\/20\/casas-desde-270000-000-para-entrega-inmediata\/\">Techos para Palmira tu mejor opci\u00f3n de viviendas<\/a><\/h3>\n<p>                                As a app web crawler expert, help organizations adjust to the of the internet promoting.&hellip;<br \/>\n                                <a href=\"https:\/\/techosparapalmira.com\/index.php\/2023\/06\/20\/casas-desde-270000-000-para-entrega-inmediata\/\"><br \/>\n                                        Leer m\u00e1s<br \/>\n                                <\/a><br \/>\n                            <a href=\"https:\/\/techosparapalmira.com\/index.php\/2022\/06\/07\/conoce-sobre-nosotros\/\" style=\"background-image: url(http:\/\/techosparapalmira.com\/wp-content\/uploads\/2022\/05\/casa-video.jpg);\"><\/a><br \/>\n                                        07<br \/>\n                                        Jun<br \/>\n                                <a href=\"https:\/\/techosparapalmira.com\/index.php\/category\/basques-de-la-rivera\/\" rel=\"tag\">Bosques de la Rivera<\/a>, <a href=\"https:\/\/techosparapalmira.com\/index.php\/category\/conjunto-cerrado\/\" rel=\"tag\">Conjunto Cerrado<\/a>, <a href=\"https:\/\/techosparapalmira.com\/index.php\/category\/en-desarrollo\/\" rel=\"tag\">En Desarrollo<\/a>                            <\/p>\n<h3><a href=\"https:\/\/techosparapalmira.com\/index.php\/2022\/06\/07\/conoce-sobre-nosotros\/\">\u00bfQuienes somos?<\/a><\/h3>\n<p>                                Techos para Palmira es una empresa 100% Valle Caucana enfocada en la gente, es una&hellip;<br \/>\n                                <a href=\"https:\/\/techosparapalmira.com\/index.php\/2022\/06\/07\/conoce-sobre-nosotros\/\"><br \/>\n                                        Leer m\u00e1s<br \/>\n                                <\/a><br \/>\n                            <a href=\"https:\/\/techosparapalmira.com\/index.php\/2022\/05\/29\/proyecto-bosques\/\" style=\"background-image: url(http:\/\/techosparapalmira.com\/wp-content\/uploads\/2022\/06\/2022-06-13-10-01-04-461.png);\"><\/a><br \/>\n                                        29<br \/>\n                                        May<br \/>\n                                <a href=\"https:\/\/techosparapalmira.com\/index.php\/category\/basques-de-la-rivera\/\" rel=\"tag\">Bosques de la Rivera<\/a>, <a href=\"https:\/\/techosparapalmira.com\/index.php\/category\/conjunto-cerrado\/\" rel=\"tag\">Conjunto Cerrado<\/a>, <a href=\"https:\/\/techosparapalmira.com\/index.php\/category\/en-desarrollo\/\" rel=\"tag\">En Desarrollo<\/a>, <a href=\"https:\/\/techosparapalmira.com\/index.php\/category\/basques-de-la-rivera\/zona-urbana\/\" rel=\"tag\">Zona Urbana<\/a>                            <\/p>\n<h3><a href=\"https:\/\/techosparapalmira.com\/index.php\/2022\/05\/29\/proyecto-bosques\/\">Conoce el proceso del actual del Conjunto Residencial Bosques de la Rivera<\/a><\/h3>\n<p>                                <a href=\"https:\/\/techosparapalmira.com\/index.php\/2022\/05\/29\/proyecto-bosques\/\"><br \/>\n                                        Leer m\u00e1s<br \/>\n                                <\/a><br \/>\n                            <a href=\"https:\/\/techosparapalmira.com\/index.php\/2019\/11\/05\/food-industry-leaders-often-change-their-profound\/\" style=\"background-image: url(http:\/\/techosparapalmira.com\/wp-content\/uploads\/2019\/12\/gallery-03.jpg);\"><\/a><br \/>\n                                        05<br \/>\n                                        Nov<br \/>\n                                <a href=\"https:\/\/techosparapalmira.com\/index.php\/category\/tax-home-loan\/\" rel=\"tag\">Tax &amp; Home Loan<\/a>                            <\/p>\n<h3><a href=\"https:\/\/techosparapalmira.com\/index.php\/2019\/11\/05\/food-industry-leaders-often-change-their-profound\/\">Food industry leaders often change.<\/a><\/h3>\n<p>                                As a app web crawler expert, help organizations adjust to the of the internet promoting.&hellip;<br \/>\n                                <a href=\"https:\/\/techosparapalmira.com\/index.php\/2019\/11\/05\/food-industry-leaders-often-change-their-profound\/\"><br \/>\n                                        Leer m\u00e1s<br \/>\n                                <\/a><br \/>\n                            <a href=\"https:\/\/techosparapalmira.com\/index.php\/2019\/11\/05\/how-to-go-about-intiating-an-start-up\/\" style=\"background-image: url(http:\/\/techosparapalmira.com\/wp-content\/uploads\/2019\/11\/theme-13.jpg);\"><\/a><br \/>\n                                        05<br \/>\n                                        Nov<br \/>\n                                <a href=\"https:\/\/techosparapalmira.com\/index.php\/category\/human-resorce\/\" rel=\"tag\">Human Resorce<\/a>                            <\/p>\n<h3><a href=\"https:\/\/techosparapalmira.com\/index.php\/2019\/11\/05\/how-to-go-about-intiating-an-start-up\/\">How to go about intiating an start-up.<\/a><\/h3>\n<p>                                As a app web crawler expert, help organizations adjust to the of the internet promoting.&hellip;<br \/>\n                                <a href=\"https:\/\/techosparapalmira.com\/index.php\/2019\/11\/05\/how-to-go-about-intiating-an-start-up\/\"><br \/>\n                                        Leer m\u00e1s<br \/>\n                                <\/a><br \/>\n                            <a href=\"https:\/\/techosparapalmira.com\/index.php\/2019\/11\/05\/reasons-to-explan-fast-business-builder\/\" style=\"background-image: url(http:\/\/techosparapalmira.com\/wp-content\/uploads\/2022\/05\/casa-video.jpg);\"><\/a><br \/>\n                                        05<br \/>\n                                        Nov<br \/>\n                                <a href=\"https:\/\/techosparapalmira.com\/index.php\/category\/basques-de-la-rivera\/\" rel=\"tag\">Bosques de la Rivera<\/a>, <a href=\"https:\/\/techosparapalmira.com\/index.php\/category\/conjunto-cerrado\/\" rel=\"tag\">Conjunto Cerrado<\/a>, <a href=\"https:\/\/techosparapalmira.com\/index.php\/category\/en-desarrollo\/\" rel=\"tag\">En Desarrollo<\/a>, <a href=\"https:\/\/techosparapalmira.com\/index.php\/category\/basques-de-la-rivera\/zona-urbana\/\" rel=\"tag\">Zona Urbana<\/a>                            <\/p>\n<h3><a href=\"https:\/\/techosparapalmira.com\/index.php\/2019\/11\/05\/reasons-to-explan-fast-business-builder\/\">Reasons to explana fast business builder.<\/a><\/h3>\n<p>                                Nueva descripci\u00f3n &#8211; As a app web crawler expert, help organizations adjust to the of&hellip;<br \/>\n                                <a href=\"https:\/\/techosparapalmira.com\/index.php\/2019\/11\/05\/reasons-to-explan-fast-business-builder\/\"><br \/>\n                                        Leer m\u00e1s<br \/>\n                                <\/a><\/p>\n<h3>Consulta<\/h3>\n<p role=\"status\" aria-live=\"polite\" aria-atomic=\"true\">\n<ul><\/ul>\n<form action=\"\/wp-admin\/admin-ajax.php#wpcf7-f91-o1\" method=\"post\" novalidate=\"novalidate\" data-status=\"init\">\n<input type=\"hidden\" name=\"_wpcf7\" value=\"91\" \/><br \/>\n<input type=\"hidden\" name=\"_wpcf7_version\" value=\"5.5.6.1\" \/><br \/>\n<input type=\"hidden\" name=\"_wpcf7_locale\" value=\"en_US\" \/><br \/>\n<input type=\"hidden\" name=\"_wpcf7_unit_tag\" value=\"wpcf7-f91-o1\" \/><br \/>\n<input type=\"hidden\" name=\"_wpcf7_container_post\" value=\"0\" \/><br \/>\n<input type=\"hidden\" name=\"_wpcf7_posted_data_hash\" value=\"\" \/><br \/>\n<input type=\"text\" name=\"your-name\" value=\"\" size=\"40\" aria-required=\"true\" aria-invalid=\"false\" placeholder=\"Your name*\" \/><br \/>\n<input type=\"email\" name=\"your-email\" value=\"\" size=\"40\" aria-required=\"true\" aria-invalid=\"false\" placeholder=\"Your mail*\" \/><br \/>\n<input type=\"text\" name=\"your-phone\" value=\"\" size=\"40\" aria-required=\"true\" aria-invalid=\"false\" placeholder=\"Phone*\" \/><br \/>\n<select name=\"your-subject\" aria-required=\"true\" aria-invalid=\"false\"><option value=\"Subject\">Subject<\/option><option value=\"Success fullfill\">Success fullfill<\/option><option value=\"StartUp business\">StartUp business<\/option><option value=\"Leadership work\">Leadership work<\/option><option value=\"Business Growth\">Business Growth<\/option><\/select><br \/>\n<button type=\"submit\">Consult today<\/button><br \/>\n<\/form>\n<p>\t\t\t<iframe src=\"https:\/\/www.google.com\/maps\/embed?pb=!1m18!1m12!1m3!1d7964.618241031775!2d-76.31039375361404!3d3.5157574082966225!2m3!1f0!2f0!3f0!3m2!1i1024!2i768!4f13.1!3m3!1m2!1s0x8e3a051cd57f2dbd%3A0x7eb98ba5d8ebb5f6!2s!5e0!3m2!1ses-419!2sco!4v1652717921760!5m2!1ses-419!2sco\" width=\"100%\" height=\"550\" style=\"border:0;\" allowfullscreen=\"\" loading=\"lazy\" referrerpolicy=\"no-referrer-when-downgrade\"><\/iframe><br \/>\n            <a href=\"https:\/\/demo.casethemes.net\/consultio-business3\/\">            <img decoding=\"async\" width=\"209\" height=\"200\" src=\"http:\/\/techosparapalmira.com\/wp-content\/uploads\/2022\/05\/Techos_para_palmira_logo_sombra.png\" alt=\"\" \/>        <\/a><\/p>\n","protected":false},"excerpt":{"rendered":"<p>CONJUNTO RESIDENCIAL BOSQUES DE LA RIVERA Dise\u00f1amos y Construimos la casa de tus sue\u00f1os. Cr. 33A #17-10 Palmira, Valle del Cauca, Colombia T\u00da NUEVO HOGAR 1 Casas de 2 pisos 1 mts2 \u00c1rea construida 1 Sal\u00f3n de eventos, piscinas, gimnasio, juegos infantiles 1 Parqueaderos Visitantes Compromiso Nuestros Proyectos de Vivienda logran hacer Familias Felices. Desarrollo [&hellip;]<\/p>\n","protected":false},"author":1,"featured_media":0,"parent":0,"menu_order":0,"comment_status":"closed","ping_status":"closed","template":"","meta":{"om_disable_all_campaigns":false,"_monsterinsights_skip_tracking":false,"_monsterinsights_sitenote_active":false,"_monsterinsights_sitenote_note":"","_monsterinsights_sitenote_category":0,"footnotes":""},"class_list":["post-9","page","type-page","status-publish","hentry"],"aioseo_notices":[],"_links":{"self":[{"href":"https:\/\/techosparapalmira.com\/index.php\/wp-json\/wp\/v2\/pages\/9","targetHints":{"allow":["GET"]}}],"collection":[{"href":"https:\/\/techosparapalmira.com\/index.php\/wp-json\/wp\/v2\/pages"}],"about":[{"href":"https:\/\/techosparapalmira.com\/index.php\/wp-json\/wp\/v2\/types\/page"}],"author":[{"embeddable":true,"href":"https:\/\/techosparapalmira.com\/index.php\/wp-json\/wp\/v2\/users\/1"}],"replies":[{"embeddable":true,"href":"https:\/\/techosparapalmira.com\/index.php\/wp-json\/wp\/v2\/comments?post=9"}],"version-history":[{"count":223,"href":"https:\/\/techosparapalmira.com\/index.php\/wp-json\/wp\/v2\/pages\/9\/revisions"}],"predecessor-version":[{"id":6422,"href":"https:\/\/techosparapalmira.com\/index.php\/wp-json\/wp\/v2\/pages\/9\/revisions\/6422"}],"wp:attachment":[{"href":"https:\/\/techosparapalmira.com\/index.php\/wp-json\/wp\/v2\/media?parent=9"}],"curies":[{"name":"wp","href":"https:\/\/api.w.org\/{rel}","templated":true}]}}